{"id":17297,"date":"2026-02-19T16:32:41","date_gmt":"2026-02-19T16:32:41","guid":{"rendered":"https:\/\/yumastudiopilates.com\/?page_id=17297"},"modified":"2026-03-01T13:37:47","modified_gmt":"2026-03-01T13:37:47","slug":"mentions-legales","status":"publish","type":"page","link":"https:\/\/yumastudiopilates.com\/en\/mentions-legales\/","title":{"rendered":"Mentions l\u00e9gales"},"content":{"rendered":"<div data-elementor-type=\"wp-page\" data-elementor-id=\"17297\" class=\"elementor elementor-17297\" data-elementor-post-type=\"page\">\n\t\t\t\t<div class=\"elementor-element elementor-element-5d2e540 e-con-full e-flex e-con e-parent\" data-id=\"5d2e540\" data-element_type=\"container\" data-e-type=\"container\" data-settings=\"{&quot;background_background&quot;:&quot;classic&quot;}\">\n\t\t<div class=\"elementor-element elementor-element-1df0f6d e-con-full e-flex e-con e-child\" data-id=\"1df0f6d\" data-element_type=\"container\" data-e-type=\"container\">\n\t\t<div class=\"elementor-element elementor-element-0dfd4cd e-con-full e-flex e-con e-child\" data-id=\"0dfd4cd\" data-element_type=\"container\" data-e-type=\"container\">\n\t\t\t\t<div class=\"elementor-element elementor-element-3f0e50a reveal-left  elementor-widget elementor-widget-heading\" data-id=\"3f0e50a\" data-element_type=\"widget\" data-e-type=\"widget\" data-widget_type=\"heading.default\">\n\t\t\t\t\t<h2 class=\"elementor-heading-title elementor-size-default\">Mentions <\/h2>\t\t\t\t<\/div>\n\t\t\t\t<div class=\"elementor-element elementor-element-eee70d8 reveal-left  elementor-widget elementor-widget-heading\" data-id=\"eee70d8\" data-element_type=\"widget\" data-e-type=\"widget\" data-widget_type=\"heading.default\">\n\t\t\t\t\t<h2 class=\"elementor-heading-title elementor-size-default\">l\u00e9gales<\/h2>\t\t\t\t<\/div>\n\t\t\t\t<\/div>\n\t\t<div class=\"elementor-element elementor-element-473a375 e-con-full e-flex e-con e-child\" data-id=\"473a375\" data-element_type=\"container\" data-e-type=\"container\">\n\t\t\t\t<\/div>\n\t\t\t\t<div class=\"elementor-element elementor-element-cff3fc9 elementor-widget elementor-widget-image\" data-id=\"cff3fc9\" data-element_type=\"widget\" data-e-type=\"widget\" data-widget_type=\"image.default\">\n\t\t\t\t\t\t\t\t\t\t\t\t\t\t\t<img fetchpriority=\"high\" decoding=\"async\" width=\"1005\" height=\"1024\" src=\"https:\/\/yumastudiopilates.com\/wp-content\/uploads\/2025\/12\/WHITE-02-1005x1024.png\" class=\"attachment-large size-large wp-image-11673\" alt=\"\" srcset=\"https:\/\/yumastudiopilates.com\/wp-content\/uploads\/2025\/12\/WHITE-02-1005x1024.png 1005w, https:\/\/yumastudiopilates.com\/wp-content\/uploads\/2025\/12\/WHITE-02-295x300.png 295w, https:\/\/yumastudiopilates.com\/wp-content\/uploads\/2025\/12\/WHITE-02-768x782.png 768w, https:\/\/yumastudiopilates.com\/wp-content\/uploads\/2025\/12\/WHITE-02-1508x1536.png 1508w, https:\/\/yumastudiopilates.com\/wp-content\/uploads\/2025\/12\/WHITE-02-2011x2048.png 2011w, https:\/\/yumastudiopilates.com\/wp-content\/uploads\/2025\/12\/WHITE-02-12x12.png 12w, https:\/\/yumastudiopilates.com\/wp-content\/uploads\/2025\/12\/WHITE-02-600x611.png 600w\" sizes=\"(max-width: 1005px) 100vw, 1005px\" \/>\t\t\t\t\t\t\t\t\t\t\t\t\t\t\t<\/div>\n\t\t\t\t<div class=\"elementor-element elementor-element-565e89b elementor-widget elementor-widget-html\" data-id=\"565e89b\" data-element_type=\"widget\" data-e-type=\"widget\" data-widget_type=\"html.default\">\n\t\t\t\t\t<style>\r\n\/* Reveal from left *\/\r\n.reveal-left {\r\n  animation: revealLeft 1s ease-out forwards;\r\n  clip-path: inset(0 100% 0 0);\r\n}\r\n\r\n@keyframes revealLeft {\r\n  0% {\r\n    clip-path: inset(0 100% 0 0);\r\n  }\r\n  100% {\r\n    clip-path: inset(0 0 0 0);\r\n  }\r\n}\r\n\r\n\/* Add this to prevent animation from running initially *\/\r\n.reveal-left.paused {\r\n  animation-play-state: paused;\r\n}\r\n@media (max-width: 767px) {\r\n    .elementor-84 .elementor-element.elementor-element-826eb56 {\r\n\r\n        bottom: 50px;\r\n    }\r\n}\r\n<\/style>\r\n\r\n<script>\r\ndocument.addEventListener('DOMContentLoaded', function() {\r\n  \/\/ Function to check if element is in viewport\r\n  function isElementInViewport(el) {\r\n    const rect = el.getBoundingClientRect();\r\n    return (\r\n      rect.top <= (window.innerHeight || document.documentElement.clientHeight) * 0.8 &&\r\n      rect.bottom >= 0\r\n    );\r\n  }\r\n\r\n  \/\/ Function to handle scroll events\r\n  function handleScroll() {\r\n    const revealElements = document.querySelectorAll('.reveal-left.paused');\r\n    \r\n    revealElements.forEach(element => {\r\n      if (isElementInViewport(element)) {\r\n        \/\/ Remove paused class to let animation play\r\n        element.classList.remove('paused');\r\n      }\r\n    });\r\n  }\r\n\r\n  \/\/ Add paused class to all reveal-left elements initially\r\n  document.querySelectorAll('.reveal-left').forEach(element => {\r\n    element.classList.add('paused');\r\n  });\r\n\r\n  \/\/ Initial check on page load\r\n  handleScroll();\r\n  \r\n  \/\/ Add scroll event listener\r\n  window.addEventListener('scroll', handleScroll);\r\n  \r\n  \/\/ Add resize event listener\r\n  window.addEventListener('resize', handleScroll);\r\n});\r\n<\/script>\t\t\t\t<\/div>\n\t\t\t\t<\/div>\n\t\t\t\t<\/div>\n\t\t<div class=\"elementor-element elementor-element-7d0b594 e-flex e-con-boxed e-con e-parent\" data-id=\"7d0b594\" data-element_type=\"container\" data-e-type=\"container\">\n\t\t\t\t\t<div class=\"e-con-inner\">\n\t\t\t\t<div class=\"elementor-element elementor-element-a3d120d elementor-widget elementor-widget-text-editor\" data-id=\"a3d120d\" data-element_type=\"widget\" data-e-type=\"widget\" data-widget_type=\"text-editor.default\">\n\t\t\t\t\t\t\t\t\t<p data-start=\"21\" data-end=\"112\"><strong data-start=\"21\" data-end=\"35\">Site web :<\/strong> <a class=\"decorated-link\" href=\"https:\/\/yumastudiopilates.com\/en\/\" target=\"_new\" rel=\"noopener\" data-start=\"36\" data-end=\"66\">https:\/\/yumastudiopilates.com\/<\/a><br data-start=\"66\" data-end=\"69\" \/><strong data-start=\"69\" data-end=\"80\">Email :<\/strong> <a class=\"decorated-link cursor-pointer\" rel=\"noopener\" data-start=\"81\" data-end=\"110\">contact@yumastudiopilates.com\u00a0<\/a><\/p>\t\t\t\t\t\t\t\t<\/div>\n\t\t\t\t<div class=\"elementor-element elementor-element-eada218 elementor-widget elementor-widget-heading\" data-id=\"eada218\" data-element_type=\"widget\" data-e-type=\"widget\" data-widget_type=\"heading.default\">\n\t\t\t\t\t<h4 class=\"elementor-heading-title elementor-size-default\">1. \u00c9diteur du site<\/h4>\t\t\t\t<\/div>\n\t\t\t\t<div class=\"elementor-element elementor-element-92d484c elementor-widget elementor-widget-text-editor\" data-id=\"92d484c\" data-element_type=\"widget\" data-e-type=\"widget\" data-widget_type=\"text-editor.default\">\n\t\t\t\t\t\t\t\t\t<div>Le pr\u00e9sent site internet <a href=\"https:\/\/yumastudiopilates.com\/en\/\">https:\/\/yumastudiopilates.com\/<\/a> (ci-apr\u00e8s \u00ab le Site \u00bb) est \u00e9dit\u00e9 par :<\/div><div>\u2022D\u00e9nomination sociale : YUMA<\/div><div>\u2022Forme juridique : Soci\u00e9t\u00e9 par Actions Simplifi\u00e9e (SAS)<\/div><div>\u2022Immatriculation : 994013969 R.C.S. Lyon<\/div><div>\u2022Adresse du si\u00e8ge social : 217 rue de la Tr\u00e9filerie, 01800 Meximieux<\/div><div>\u2022Email de contact : <a href=\"mailto:contact@yumastudiopilates.com\">contact@yumastudiopilates.com<\/a><\/div><div>\u00a0<\/div><div>YUMA est responsable de la publication et du contenu diffus\u00e9 sur le Site.<\/div>\t\t\t\t\t\t\t\t<\/div>\n\t\t\t\t<div class=\"elementor-element elementor-element-747d9a2 elementor-widget elementor-widget-heading\" data-id=\"747d9a2\" data-element_type=\"widget\" data-e-type=\"widget\" data-widget_type=\"heading.default\">\n\t\t\t\t\t<h4 class=\"elementor-heading-title elementor-size-default\">2. Directeur de la publication\u00a0<\/h4>\t\t\t\t<\/div>\n\t\t\t\t<div class=\"elementor-element elementor-element-bc4c205 elementor-widget elementor-widget-text-editor\" data-id=\"bc4c205\" data-element_type=\"widget\" data-e-type=\"widget\" data-widget_type=\"text-editor.default\">\n\t\t\t\t\t\t\t\t\t<p data-start=\"550\" data-end=\"667\">Le Directeur de la publication est le repr\u00e9sentant l\u00e9gal de la soci\u00e9t\u00e9 YUMA, en sa qualit\u00e9 de Pr\u00e9sident(e) de la SAS.<\/p>\t\t\t\t\t\t\t\t<\/div>\n\t\t\t\t<div class=\"elementor-element elementor-element-9b3c497 elementor-widget elementor-widget-heading\" data-id=\"9b3c497\" data-element_type=\"widget\" data-e-type=\"widget\" data-widget_type=\"heading.default\">\n\t\t\t\t\t<h4 class=\"elementor-heading-title elementor-size-default\">3. H\u00e9bergement<\/h4>\t\t\t\t<\/div>\n\t\t\t\t<div class=\"elementor-element elementor-element-2d10c35 elementor-widget elementor-widget-text-editor\" data-id=\"2d10c35\" data-element_type=\"widget\" data-e-type=\"widget\" data-widget_type=\"text-editor.default\">\n\t\t\t\t\t\t\t\t\t<div>Le Site est h\u00e9berg\u00e9 par Hostinger International Ltd.<\/div><div>\u2022Adresse : 61 Lordou Vironos Street, CY-6023 Limassol, Chypre<\/div><div>\u2022Email : <a href=\"mailto:support@hostinger.com\">support@hostinger.com<\/a><\/div><div>\u2022T\u00e9l\u00e9phone : <a href=\"tel:+357 25 030300\">+357 25 030300<\/a><\/div><div>\u00a0<\/div><div>L\u2019h\u00e9bergeur assure la disponibilit\u00e9 technique du Site dans le respect de ses propres conditions g\u00e9n\u00e9rales de service.<\/div>\t\t\t\t\t\t\t\t<\/div>\n\t\t\t\t<div class=\"elementor-element elementor-element-5e61429 elementor-widget elementor-widget-heading\" data-id=\"5e61429\" data-element_type=\"widget\" data-e-type=\"widget\" data-widget_type=\"heading.default\">\n\t\t\t\t\t<h4 class=\"elementor-heading-title elementor-size-default\">4. Propri\u00e9t\u00e9 intellectuelle<\/h4>\t\t\t\t<\/div>\n\t\t\t\t<div class=\"elementor-element elementor-element-24ea400 elementor-widget elementor-widget-text-editor\" data-id=\"24ea400\" data-element_type=\"widget\" data-e-type=\"widget\" data-widget_type=\"text-editor.default\">\n\t\t\t\t\t\t\t\t\t<p>L\u2019ensemble des \u00e9l\u00e9ments pr\u00e9sents sur le Site, notamment mais sans s\u2019y limiter : textes, images, graphismes, logos, vid\u00e9os, ic\u00f4nes, contenus p\u00e9dagogiques, \u00e9l\u00e9ments graphiques et structure du Site, sont prot\u00e9g\u00e9s par les dispositions du Code de la propri\u00e9t\u00e9 intellectuelle et sont la propri\u00e9t\u00e9 exclusive de YUMA ou font l\u2019objet d\u2019une autorisation d\u2019utilisation.<\/p><p>Toute reproduction, repr\u00e9sentation, modification, publication, adaptation ou exploitation, totale ou partielle, de tout ou partie des \u00e9l\u00e9ments du Site, quel que soit le moyen ou le proc\u00e9d\u00e9 utilis\u00e9, est interdite sans l\u2019autorisation \u00e9crite pr\u00e9alable de YUMA. Toute utilisation non autoris\u00e9e pourra constituer une contrefa\u00e7on et engager la responsabilit\u00e9 civile et\/ou p\u00e9nale de son auteur.<\/p>\t\t\t\t\t\t\t\t<\/div>\n\t\t\t\t<div class=\"elementor-element elementor-element-4122a48 elementor-widget elementor-widget-heading\" data-id=\"4122a48\" data-element_type=\"widget\" data-e-type=\"widget\" data-widget_type=\"heading.default\">\n\t\t\t\t\t<h4 class=\"elementor-heading-title elementor-size-default\">5. Responsabilit\u00e9<\/h4>\t\t\t\t<\/div>\n\t\t\t\t<div class=\"elementor-element elementor-element-283d41a elementor-widget elementor-widget-text-editor\" data-id=\"283d41a\" data-element_type=\"widget\" data-e-type=\"widget\" data-widget_type=\"text-editor.default\">\n\t\t\t\t\t\t\t\t\t<div>YUMA met tout en \u0153uvre pour assurer l\u2019exactitude et la mise \u00e0 jour des informations diffus\u00e9es sur le Site. Toutefois, la soci\u00e9t\u00e9 ne saurait garantir l\u2019exactitude, la compl\u00e9tude ou l\u2019actualit\u00e9 des informations publi\u00e9es.<\/div><div>\u00a0<\/div><div>L\u2019utilisateur reconna\u00eet utiliser les informations disponibles sous sa responsabilit\u00e9 exclusive. YUMA ne pourra \u00eatre tenue responsable :<\/div><ul><li>des interruptions du Site,<\/li><li>de la survenance de bugs,<\/li><li>d\u2019inexactitudes ou omissions portant sur des informations disponibles,<\/li><li>de dommages r\u00e9sultant d\u2019une intrusion frauduleuse d\u2019un tiers ayant entra\u00een\u00e9 une modification des informations mises \u00e0 disposition sur le Site.<\/li><\/ul>\t\t\t\t\t\t\t\t<\/div>\n\t\t\t\t<div class=\"elementor-element elementor-element-704b551 elementor-widget elementor-widget-heading\" data-id=\"704b551\" data-element_type=\"widget\" data-e-type=\"widget\" data-widget_type=\"heading.default\">\n\t\t\t\t\t<h4 class=\"elementor-heading-title elementor-size-default\">6. Donn\u00e9es personnelles<\/h4>\t\t\t\t<\/div>\n\t\t\t\t<div class=\"elementor-element elementor-element-92db6c9 elementor-widget elementor-widget-text-editor\" data-id=\"92db6c9\" data-element_type=\"widget\" data-e-type=\"widget\" data-widget_type=\"text-editor.default\">\n\t\t\t\t\t\t\t\t\t<p data-start=\"2485\" data-end=\"2741\">Les informations \u00e9ventuellement collect\u00e9es via les formulaires pr\u00e9sents sur le Site (formulaire de contact, inscription, r\u00e9servation, etc.) sont destin\u00e9es exclusivement \u00e0 YUMA dans le cadre de la gestion des demandes et des relations avec les utilisateurs.<\/p><p data-start=\"2743\" data-end=\"2898\">Conform\u00e9ment au R\u00e8glement G\u00e9n\u00e9ral sur la Protection des Donn\u00e9es (RGPD) et \u00e0 la loi Informatique et Libert\u00e9s, tout utilisateur dispose des droits suivants :<\/p><ul data-start=\"2900\" data-end=\"3069\"><li data-start=\"2900\" data-end=\"2917\"><p data-start=\"2902\" data-end=\"2917\">Droit d\u2019acc\u00e8s<\/p><\/li><li data-start=\"2918\" data-end=\"2944\"><p data-start=\"2920\" data-end=\"2944\">Droit de rectification<\/p><\/li><li data-start=\"2945\" data-end=\"2967\"><p data-start=\"2947\" data-end=\"2967\">Droit d\u2019effacement<\/p><\/li><li data-start=\"2968\" data-end=\"3007\"><p data-start=\"2970\" data-end=\"3007\">Droit \u00e0 la limitation du traitement<\/p><\/li><li data-start=\"3008\" data-end=\"3030\"><p data-start=\"3010\" data-end=\"3030\">Droit d\u2019opposition<\/p><\/li><li data-start=\"3031\" data-end=\"3069\"><p data-start=\"3033\" data-end=\"3069\">Droit \u00e0 la portabilit\u00e9 des donn\u00e9es<\/p><\/li><\/ul><p data-start=\"3071\" data-end=\"3185\">Pour exercer ces droits, l\u2019utilisateur peut adresser sa demande par email \u00e0 :<br data-start=\"3148\" data-end=\"3151\" \/>\ud83d\udce7 <a class=\"decorated-link cursor-pointer\" rel=\"noopener\" data-start=\"3154\" data-end=\"3183\">contact@yumastudiopilates.com<\/a><\/p><p data-start=\"3187\" data-end=\"3306\">Les donn\u00e9es personnelles ne sont ni vendues, ni c\u00e9d\u00e9es \u00e0 des tiers sans consentement pr\u00e9alable, sauf obligation l\u00e9gale.<\/p>\t\t\t\t\t\t\t\t<\/div>\n\t\t\t\t<div class=\"elementor-element elementor-element-734a7ca elementor-widget elementor-widget-heading\" data-id=\"734a7ca\" data-element_type=\"widget\" data-e-type=\"widget\" data-widget_type=\"heading.default\">\n\t\t\t\t\t<h4 class=\"elementor-heading-title elementor-size-default\">7. Cookies<\/h4>\t\t\t\t<\/div>\n\t\t\t\t<div class=\"elementor-element elementor-element-18807e2 elementor-widget elementor-widget-text-editor\" data-id=\"18807e2\" data-element_type=\"widget\" data-e-type=\"widget\" data-widget_type=\"text-editor.default\">\n\t\t\t\t\t\t\t\t\t<p data-start=\"3328\" data-end=\"3459\">Le Site peut utiliser des cookies afin d\u2019am\u00e9liorer l\u2019exp\u00e9rience utilisateur, mesurer l\u2019audience et optimiser les services propos\u00e9s.<\/p><p data-start=\"3461\" data-end=\"3646\">L\u2019utilisateur peut configurer son navigateur afin de refuser l\u2019installation des cookies. Le refus de certains cookies peut toutefois limiter l\u2019acc\u00e8s \u00e0 certaines fonctionnalit\u00e9s du Site.<\/p><p data-start=\"3648\" data-end=\"3729\">Une politique de cookies d\u00e9taill\u00e9e peut \u00eatre consult\u00e9e sur le Site si applicable.<\/p>\t\t\t\t\t\t\t\t<\/div>\n\t\t\t\t<div class=\"elementor-element elementor-element-ddf3827 elementor-widget elementor-widget-heading\" data-id=\"ddf3827\" data-element_type=\"widget\" data-e-type=\"widget\" data-widget_type=\"heading.default\">\n\t\t\t\t\t<h4 class=\"elementor-heading-title elementor-size-default\">8. Liens hypertextes<\/h4>\t\t\t\t<\/div>\n\t\t\t\t<div class=\"elementor-element elementor-element-5e3f184 elementor-widget elementor-widget-text-editor\" data-id=\"5e3f184\" data-element_type=\"widget\" data-e-type=\"widget\" data-widget_type=\"text-editor.default\">\n\t\t\t\t\t\t\t\t\t<p data-start=\"3761\" data-end=\"3942\">Le Site peut contenir des liens ou des redirections vers des services tiers, notamment la plateforme d\u2019exploitation Bsport utilis\u00e9e pour la gestion des r\u00e9servations, des inscriptions et des activit\u00e9s de pilates. YUMA n\u2019exerce aucun contr\u00f4le sur ces services tiers et ne saurait \u00eatre tenue responsable de leur contenu, de leurs politiques de confidentialit\u00e9 ou de leurs pratiques commerciales et techniques. L\u2019acc\u00e8s \u00e0 ces services tiers se fait sous la seule responsabilit\u00e9 de l\u2019utilisateur.<\/p>\t\t\t\t\t\t\t\t<\/div>\n\t\t\t\t<div class=\"elementor-element elementor-element-9cbc5a6 elementor-widget elementor-widget-heading\" data-id=\"9cbc5a6\" data-element_type=\"widget\" data-e-type=\"widget\" data-widget_type=\"heading.default\">\n\t\t\t\t\t<h4 class=\"elementor-heading-title elementor-size-default\">9. Droit applicable<\/h4>\t\t\t\t<\/div>\n\t\t\t\t<div class=\"elementor-element elementor-element-ddfed24 elementor-widget elementor-widget-text-editor\" data-id=\"ddfed24\" data-element_type=\"widget\" data-e-type=\"widget\" data-widget_type=\"text-editor.default\">\n\t\t\t\t\t\t\t\t\t<p data-start=\"3973\" data-end=\"4038\">Les pr\u00e9sentes mentions l\u00e9gales sont r\u00e9gies par le droit fran\u00e7ais. En cas de litige relatif \u00e0 l\u2019utilisation du Site, et \u00e0 d\u00e9faut de r\u00e9solution amiable, les tribunaux comp\u00e9tents seront ceux du ressort de la Cour d\u2019appel de Lyon.<\/p>\t\t\t\t\t\t\t\t<\/div>\n\t\t\t\t<div class=\"elementor-element elementor-element-456bd48 elementor-widget elementor-widget-heading\" data-id=\"456bd48\" data-element_type=\"widget\" data-e-type=\"widget\" data-widget_type=\"heading.default\">\n\t\t\t\t\t<h4 class=\"elementor-heading-title elementor-size-default\">10. Contact<\/h4>\t\t\t\t<\/div>\n\t\t\t\t<div class=\"elementor-element elementor-element-aa8d507 elementor-widget elementor-widget-text-editor\" data-id=\"aa8d507\" data-element_type=\"widget\" data-e-type=\"widget\" data-widget_type=\"text-editor.default\">\n\t\t\t\t\t\t\t\t\t<p data-start=\"4223\" data-end=\"4336\">Pour toute question relative aux pr\u00e9sentes mentions l\u00e9gales ou au fonctionnement du Site, vous pouvez contacter :<\/p><p data-start=\"4338\" data-end=\"4372\">\ud83d\udce7 <a class=\"decorated-link cursor-pointer\" rel=\"noopener\" data-start=\"4341\" data-end=\"4370\">contact@yumastudiopilates.com<\/a><\/p>\t\t\t\t\t\t\t\t<\/div>\n\t\t\t\t\t<\/div>\n\t\t\t\t<\/div>\n\t\t\t\t<\/div>","protected":false},"excerpt":{"rendered":"<p>Mentions l\u00e9gales Site web : https:\/\/yumastudiopilates.com\/Email : contact@yumastudiopilates.com\u00a0 1. \u00c9diteur du site Le pr\u00e9sent site internet https:\/\/yumastudiopilates.com\/ (ci-apr\u00e8s \u00ab le [&hellip;]<\/p>\n","protected":false},"author":1,"featured_media":0,"parent":0,"menu_order":0,"comment_status":"closed","ping_status":"closed","template":"","meta":{"site-sidebar-layout":"no-sidebar","site-content-layout":"","ast-site-content-layout":"full-width-container","site-content-style":"default","site-sidebar-style":"default","ast-global-header-display":"","ast-banner-title-visibility":"","ast-main-header-display":"","ast-hfb-above-header-display":"","ast-hfb-below-header-display":"","ast-hfb-mobile-header-display":"","site-post-title":"","ast-breadcrumbs-content":"","ast-featured-img":"disabled","footer-sml-layout":"","ast-disable-related-posts":"","theme-transparent-header-meta":"","adv-header-id-meta":"","stick-header-meta":"","header-above-stick-meta":"","header-main-stick-meta":"","header-below-stick-meta":"","astra-migrate-meta-layouts":"default","ast-page-background-enabled":"default","ast-page-background-meta":{"desktop":{"background-color":"var(--ast-global-color-5)","background-image":"","background-repeat":"repeat","background-position":"center center","background-size":"auto","background-attachment":"scroll","background-type":"","background-media":"","overlay-type":"","overlay-color":"","overlay-opacity":"","overlay-gradient":""},"tablet":{"background-color":"","background-image":"","background-repeat":"repeat","background-position":"center center","background-size":"auto","background-attachment":"scroll","background-type":"","background-media":"","overlay-type":"","overlay-color":"","overlay-opacity":"","overlay-gradient":""},"mobile":{"background-color":"","background-image":"","background-repeat":"repeat","background-position":"center center","background-size":"auto","background-attachment":"scroll","background-type":"","background-media":"","overlay-type":"","overlay-color":"","overlay-opacity":"","overlay-gradient":""}},"ast-content-background-meta":{"desktop":{"background-color":"var(--ast-global-color-4)","background-image":"","background-repeat":"repeat","background-position":"center center","background-size":"auto","background-attachment":"scroll","background-type":"","background-media":"","overlay-type":"","overlay-color":"","overlay-opacity":"","overlay-gradient":""},"tablet":{"background-color":"var(--ast-global-color-4)","background-image":"","background-repeat":"repeat","background-position":"center center","background-size":"auto","background-attachment":"scroll","background-type":"","background-media":"","overlay-type":"","overlay-color":"","overlay-opacity":"","overlay-gradient":""},"mobile":{"background-color":"var(--ast-global-color-4)","background-image":"","background-repeat":"repeat","background-position":"center center","background-size":"auto","background-attachment":"scroll","background-type":"","background-media":"","overlay-type":"","overlay-color":"","overlay-opacity":"","overlay-gradient":""}},"footnotes":""},"class_list":["post-17297","page","type-page","status-publish","hentry"],"_links":{"self":[{"href":"https:\/\/yumastudiopilates.com\/en\/wp-json\/wp\/v2\/pages\/17297","targetHints":{"allow":["GET"]}}],"collection":[{"href":"https:\/\/yumastudiopilates.com\/en\/wp-json\/wp\/v2\/pages"}],"about":[{"href":"https:\/\/yumastudiopilates.com\/en\/wp-json\/wp\/v2\/types\/page"}],"author":[{"embeddable":true,"href":"https:\/\/yumastudiopilates.com\/en\/wp-json\/wp\/v2\/users\/1"}],"replies":[{"embeddable":true,"href":"https:\/\/yumastudiopilates.com\/en\/wp-json\/wp\/v2\/comments?post=17297"}],"version-history":[{"count":25,"href":"https:\/\/yumastudiopilates.com\/en\/wp-json\/wp\/v2\/pages\/17297\/revisions"}],"predecessor-version":[{"id":17633,"href":"https:\/\/yumastudiopilates.com\/en\/wp-json\/wp\/v2\/pages\/17297\/revisions\/17633"}],"wp:attachment":[{"href":"https:\/\/yumastudiopilates.com\/en\/wp-json\/wp\/v2\/media?parent=17297"}],"curies":[{"name":"wp","href":"https:\/\/api.w.org\/{rel}","templated":true}]}}